{"id":167594,"date":"2022-11-16T15:07:33","date_gmt":"2022-11-16T15:07:33","guid":{"rendered":"https:\/\/velox.net.ua\/product\/komplekt-far-prox-hamal-600lm-zeta-s-80lm-usb-a-o-b-p-0427\/"},"modified":"2026-04-27T00:17:34","modified_gmt":"2026-04-27T00:17:34","slug":"komplekt-far-prox-hamal-600lm-zeta-s-80lm-usb-a-o-b-p-0427","status":"publish","type":"product","link":"https:\/\/velox.net.ua\/uk\/product\/komplekt-far-prox-hamal-600lm-zeta-s-80lm-usb-a-o-b-p-0427\/","title":{"rendered":"\u041a\u043e\u043c\u043f\u043b\u0435\u043a\u0442 \u0444\u0430\u0440 ProX Hamal, 600Lm + Zeta S 80Lm USB (A-O-B-P-0427)"},"content":{"rendered":"<p>\u2022 zestaw lamp rowerowych<br \/>\n\u2022 lampa przednia, \u0142adowalna USB, moc \u015bwiecenia: 600 lm<br \/>\n\u2022 super jasna dioda CREE XP-G2 LED, 2 x Diody SMD<br \/>\n\u2022 soczewka: Dual Distance Beam (system podw\u00f3jna \u015bwiecenia)<br \/>\n\u2022 ledowe, dyskretne pod\u015bwietlenie poziomu zu\u017cycia akumulatora<br \/>\n\u2022 \u015bwiat\u0142o przeciwmgielne \u2013 2 x Diody SMD o barwie \u017c\u00f3\u0142tej<br \/>\n\u2022 4 tryby pracy: sta\u0142y 100% 3h, sta\u0142y 50% 5h,<br \/>\nmigaj\u0105cy\/naprzemienny 24h, sta\u0142y przeciwmgielny 3h<br \/>\n\u2022 pojemno\u015b\u0107 akumulatora: 18650 Li-Ion 2600 mAh<br \/>\n\u2022 czas \u0142adowania ok 4,5h (1A), za pomoc\u0105 gniazda micro USB<br \/>\n\u2022 materia\u0142 obudowy: aluminium \/ tworzywo ABS\/PVC<br \/>\n\u2022 wodoszczelno\u015b\u0107 klasy: IPX4<br \/>\n\u2022 regulowany, gumowy uchwyt szybkiego monta\u017cu (22-31,8 mm, 360 st.)<br \/>\n\u2022 wymiar \/ waga: 95 x O 30 x 36 \u043c\u043c. 129 g.<br \/>\n\u2022 lampa tylna, \u0142adowalna USB, moc: 80 Lm<br \/>\n\u2022 super jasna dioda COB LED, k\u0105t \u015bwiecenia 180 st.<br \/>\n\u2022 6 tryb\u00f3w pracy: Sta\u0142e: 100% 2h, 50% 4h, na przemian 50\/25% 4h,<br \/>\nMigaj\u0105ce: FL1 6h, FL2 8h, FL3 1:20h, FL4 1:40h, FL5 8h<br \/>\n\u2022 akumulator: \u0142adowalny, Litowo-Polimerowy o pojemno\u015bci: 500 mAh<br \/>\n\u2022 \u015bredni czas \u0142adowania 2h (1A) za pomoc\u0105 gniazda micro USB<br \/>\n\u2022 wymiary \/ waga lampy+uchwyt: 44 \u00d7 27 \u00d7 30 mm \/ 49 g<br \/>\n\u2022 materia\u0142 obudowy: aluminium, tworzywo ABS \/ PP<br \/>\n\u2022 wodoszczelno\u015bci: klasy IPX4<br \/>\n\u2022 funkcja Memory Mode: lampa zapami\u0119tuje ostatnio wybrany tryb \u015bwiecenia<br \/>\n\u2022 w komplecie: gumowy pier\u015bcie\u0144 z regulowanym uchwytem szybkiego<br \/>\nmonta\u017cu, uchwyt na pasek, kabel do \u0142adowania Micro USB<br \/>\n\u2022 pakowanie zestawu: ProX box (waga 250 g.)<\/p>\n","protected":false},"excerpt":{"rendered":"<p>\u2022 zestaw lamp rowerowych \u2022 lampa przednia, \u0142adowalna USB, moc \u015bwiecenia: 600 lm \u2022 super jasna dioda CREE XP-G2 LED, 2 x Diody SMD \u2022 soczewka: Dual Distance Beam (system podw\u00f3jna \u015bwiecenia) \u2022 ledowe, dyskretne pod\u015bwietlenie poziomu zu\u017cycia akumulatora \u2022 \u015bwiat\u0142o przeciwmgielne \u2013 2 x Diody SMD o barwie \u017c\u00f3\u0142tej \u2022 4 tryby pracy: sta\u0142y [&hellip;]<\/p>\n","protected":false},"featured_media":167595,"comment_status":"open","ping_status":"open","template":"","meta":[],"product_brand":[],"product_cat":[5372],"product_tag":[],"class_list":{"0":"post-167594","1":"product","2":"type-product","3":"status-publish","4":"has-post-thumbnail","6":"product_cat-velofary-uk","7":"h-entry","10":"first","11":"instock","12":"purchasable","13":"product-type-simple"},"_links":{"self":[{"href":"https:\/\/velox.net.ua\/uk\/wp-json\/wp\/v2\/product\/167594","targetHints":{"allow":["GET"]}}],"collection":[{"href":"https:\/\/velox.net.ua\/uk\/wp-json\/wp\/v2\/product"}],"about":[{"href":"https:\/\/velox.net.ua\/uk\/wp-json\/wp\/v2\/types\/product"}],"replies":[{"embeddable":true,"href":"https:\/\/velox.net.ua\/uk\/wp-json\/wp\/v2\/comments?post=167594"}],"wp:featuredmedia":[{"embeddable":true,"href":"https:\/\/velox.net.ua\/uk\/wp-json\/wp\/v2\/media\/167595"}],"wp:attachment":[{"href":"https:\/\/velox.net.ua\/uk\/wp-json\/wp\/v2\/media?parent=167594"}],"wp:term":[{"taxonomy":"product_brand","embeddable":true,"href":"https:\/\/velox.net.ua\/uk\/wp-json\/wp\/v2\/product_brand?post=167594"},{"taxonomy":"product_cat","embeddable":true,"href":"https:\/\/velox.net.ua\/uk\/wp-json\/wp\/v2\/product_cat?post=167594"},{"taxonomy":"product_tag","embeddable":true,"href":"https:\/\/velox.net.ua\/uk\/wp-json\/wp\/v2\/product_tag?post=167594"}],"curies":[{"name":"wp","href":"https:\/\/api.w.org\/{rel}","templated":true}]}}