{"id":167550,"date":"2022-11-16T15:08:09","date_gmt":"2022-11-16T15:08:09","guid":{"rendered":"https:\/\/velox.net.ua\/product\/spicza-cnspoke-nerzhavejka-274-mm-1-sht-bez-nippelya-serebristyj-c-k-sz-0174\/"},"modified":"2026-04-27T00:17:37","modified_gmt":"2026-04-27T00:17:37","slug":"spicza-cnspoke-nerzhavejka-274-mm-1-sht-bez-nippelya-serebristyj-c-k-sz-0174","status":"publish","type":"product","link":"https:\/\/velox.net.ua\/uk\/product\/spicza-cnspoke-nerzhavejka-274-mm-1-sht-bez-nippelya-serebristyj-c-k-sz-0174\/","title":{"rendered":"\u0421\u043f\u0438\u0446\u044f CnSpoke \u043d\u0435\u0440\u0436\u0430\u0432\u0456\u0439\u043a\u0430 274 \u043c\u043c, 1 \u0448\u0442., \u0411\u0435\u0437 \u043d\u0456\u043f\u0435\u043b\u044f, \u0441\u0440\u0456\u0431\u043b\u044f\u0441\u0442\u0438\u0439 (C-K-SZ-0174)"},"content":{"rendered":"<p>szprycha srebrna, anodyzowana,<br \/>\nnierdzewna, walcowana,<br \/>\nmateria\u0142: Japan-stainless,<br \/>\nrozmiar: 2.0 mm,<br \/>\ngwint hartowany,<br \/>\ng\u0142\u00f3wka z logo CN,<\/p>\n","protected":false},"excerpt":{"rendered":"<p>szprycha srebrna, anodyzowana, nierdzewna, walcowana, materia\u0142: Japan-stainless, rozmiar: 2.0 mm, gwint hartowany, g\u0142\u00f3wka z logo CN,<\/p>\n","protected":false},"featured_media":167551,"comment_status":"open","ping_status":"open","template":"","meta":[],"product_brand":[],"product_cat":[5485],"product_tag":[],"class_list":{"0":"post-167550","1":"product","2":"type-product","3":"status-publish","4":"has-post-thumbnail","6":"product_cat-velosipedni-spiczi","7":"h-entry","10":"first","11":"instock","12":"purchasable","13":"product-type-simple"},"_links":{"self":[{"href":"https:\/\/velox.net.ua\/uk\/wp-json\/wp\/v2\/product\/167550","targetHints":{"allow":["GET"]}}],"collection":[{"href":"https:\/\/velox.net.ua\/uk\/wp-json\/wp\/v2\/product"}],"about":[{"href":"https:\/\/velox.net.ua\/uk\/wp-json\/wp\/v2\/types\/product"}],"replies":[{"embeddable":true,"href":"https:\/\/velox.net.ua\/uk\/wp-json\/wp\/v2\/comments?post=167550"}],"wp:featuredmedia":[{"embeddable":true,"href":"https:\/\/velox.net.ua\/uk\/wp-json\/wp\/v2\/media\/167551"}],"wp:attachment":[{"href":"https:\/\/velox.net.ua\/uk\/wp-json\/wp\/v2\/media?parent=167550"}],"wp:term":[{"taxonomy":"product_brand","embeddable":true,"href":"https:\/\/velox.net.ua\/uk\/wp-json\/wp\/v2\/product_brand?post=167550"},{"taxonomy":"product_cat","embeddable":true,"href":"https:\/\/velox.net.ua\/uk\/wp-json\/wp\/v2\/product_cat?post=167550"},{"taxonomy":"product_tag","embeddable":true,"href":"https:\/\/velox.net.ua\/uk\/wp-json\/wp\/v2\/product_tag?post=167550"}],"curies":[{"name":"wp","href":"https:\/\/api.w.org\/{rel}","templated":true}]}}