{"id":167479,"date":"2022-11-16T15:09:04","date_gmt":"2022-11-16T15:09:04","guid":{"rendered":"https:\/\/velox.net.ua\/product\/germetik-cx80-rc42-dlya-vintov-10-ml-sma002\/"},"modified":"2024-01-25T14:46:36","modified_gmt":"2024-01-25T14:46:36","slug":"germetik-cx80-rc42-dlya-vintov-10-ml-sma002","status":"publish","type":"product","link":"https:\/\/velox.net.ua\/uk\/product\/germetik-cx80-rc42-dlya-vintov-10-ml-sma002\/","title":{"rendered":"\u0413\u0435\u0440\u043c\u0435\u0442\u0438\u043a CX80 RC42 \u0434\u043b\u044f \u0433\u0432\u0438\u043d\u0442\u0456\u0432 10 \u043c\u043b (SMA002)"},"content":{"rendered":"<p>CX80 RC 42<\/p>\n<p>Klej anaerobowy do zabezpieczania metalowych po\u0142\u0105cze\u0144 gwintowanych o \u015bredniej sile \u0142\u0105czenia. Wi\u0105\u017ce pod wp\u0142ywem kontaku z metalowymi powierzchniami, przy braku dost\u0119pu powietrza.<\/p>\n<p>W\u0142a\u015bciwo\u015bci<\/p>\n<p>\u015brednia wytrzyma\u0142o\u015b\u0107 (\u015brub\u0119 da si\u0119 potem odkr\u0119ci\u0107)<br \/>\nochrona przed korozj\u0105<br \/>\nodporno\u015b\u0107 na wibracje<br \/>\nzapobieganie wyciekom z gwint\u00f3w (np. w hydraulice)<br \/>\nzwi\u0119kszenie si\u0142y nacisku i po\u015blizgu, u\u0142atwiaj\u0105ce monta\u017c<br \/>\nwst\u0119pne wi\u0105zanie do 15 minut<br \/>\npe\u0142na wytrzyma\u0142o\u015b\u0107 po 24 h<br \/>\nodporno\u015b\u0107 na temperatury od -55C do +150C<br \/>\ndemonta\u017c z u\u017cyciem narz\u0119dzi r\u0119cznych<br \/>\nZastosowanie<\/p>\n<p>blokowanie \u015brub i nakr\u0119tek<br \/>\nuszczelnianie<br \/>\nzabezpieczanie gwint\u00f3w przed odkr\u0119ceniem w czasie drga\u0144<br \/>\nzalecany szczeg\u00f3lnie do ma\u0142ych gwint\u00f3w (\u015brednica gwintu do M25)<\/p>\n","protected":false},"excerpt":{"rendered":"<p>CX80 RC 42 Klej anaerobowy do zabezpieczania metalowych po\u0142\u0105cze\u0144 gwintowanych o \u015bredniej sile \u0142\u0105czenia. Wi\u0105\u017ce pod wp\u0142ywem kontaku z metalowymi powierzchniami, przy braku dost\u0119pu powietrza. W\u0142a\u015bciwo\u015bci \u015brednia wytrzyma\u0142o\u015b\u0107 (\u015brub\u0119 da si\u0119 potem odkr\u0119ci\u0107) ochrona przed korozj\u0105 odporno\u015b\u0107 na wibracje zapobieganie wyciekom z gwint\u00f3w (np. w hydraulice) zwi\u0119kszenie si\u0142y nacisku i po\u015blizgu, u\u0142atwiaj\u0105ce monta\u017c wst\u0119pne wi\u0105zanie [&hellip;]<\/p>\n","protected":false},"featured_media":167480,"comment_status":"open","ping_status":"open","template":"","meta":[],"product_brand":[],"product_cat":[5301],"product_tag":[],"class_list":{"0":"post-167479","1":"product","2":"type-product","3":"status-publish","4":"has-post-thumbnail","6":"product_cat-germetiki-i-antiprokolnaya-zhidkost-uk","7":"h-entry","10":"first","11":"outofstock","12":"purchasable","13":"product-type-simple"},"_links":{"self":[{"href":"https:\/\/velox.net.ua\/uk\/wp-json\/wp\/v2\/product\/167479","targetHints":{"allow":["GET"]}}],"collection":[{"href":"https:\/\/velox.net.ua\/uk\/wp-json\/wp\/v2\/product"}],"about":[{"href":"https:\/\/velox.net.ua\/uk\/wp-json\/wp\/v2\/types\/product"}],"replies":[{"embeddable":true,"href":"https:\/\/velox.net.ua\/uk\/wp-json\/wp\/v2\/comments?post=167479"}],"wp:featuredmedia":[{"embeddable":true,"href":"https:\/\/velox.net.ua\/uk\/wp-json\/wp\/v2\/media\/167480"}],"wp:attachment":[{"href":"https:\/\/velox.net.ua\/uk\/wp-json\/wp\/v2\/media?parent=167479"}],"wp:term":[{"taxonomy":"product_brand","embeddable":true,"href":"https:\/\/velox.net.ua\/uk\/wp-json\/wp\/v2\/product_brand?post=167479"},{"taxonomy":"product_cat","embeddable":true,"href":"https:\/\/velox.net.ua\/uk\/wp-json\/wp\/v2\/product_cat?post=167479"},{"taxonomy":"product_tag","embeddable":true,"href":"https:\/\/velox.net.ua\/uk\/wp-json\/wp\/v2\/product_tag?post=167479"}],"curies":[{"name":"wp","href":"https:\/\/api.w.org\/{rel}","templated":true}]}}