{"id":167439,"date":"2022-11-16T15:09:31","date_gmt":"2022-11-16T15:09:31","guid":{"rendered":"https:\/\/velox.net.ua\/product\/sprej-sonax-konservaczionnyj-300ml-a-os-0034\/"},"modified":"2026-04-27T00:17:44","modified_gmt":"2026-04-27T00:17:44","slug":"sprej-sonax-konservaczionnyj-300ml-a-os-0034","status":"publish","type":"product","link":"https:\/\/velox.net.ua\/uk\/product\/sprej-sonax-konservaczionnyj-300ml-a-os-0034\/","title":{"rendered":"\u0421\u043f\u0440\u0435\u0439 Sonax \u043a\u043e\u043d\u0441\u0435\u0440\u0432\u0430\u0446\u0438\u043e\u043d\u043d\u044b\u0439 300\u043c\u043b (A-OS-0034)"},"content":{"rendered":"<p>\u2022 uniwersalny \u015brodek do czyszczenia roweru,<br \/>\n\u2022 zapewnia trwa\u0142\u0105 ochron\u0119 przed wod\u0105, kurzem i brudem<br \/>\n\u2022 wosk tworzy warstw\u0119 ochronn\u0105<br \/>\n\u2022 nadaje si\u0119 r\u00f3wnie\u017c do czyszczenia karbonu<br \/>\n\u2022 spray, pojemno\u015b\u0107: 300 ml.<\/p>\n","protected":false},"excerpt":{"rendered":"<p>\u2022 uniwersalny \u015brodek do czyszczenia roweru, \u2022 zapewnia trwa\u0142\u0105 ochron\u0119 przed wod\u0105, kurzem i brudem \u2022 wosk tworzy warstw\u0119 ochronn\u0105 \u2022 nadaje si\u0119 r\u00f3wnie\u017c do czyszczenia karbonu \u2022 spray, pojemno\u015b\u0107: 300 ml.<\/p>\n","protected":false},"featured_media":167440,"comment_status":"open","ping_status":"open","template":"","meta":[],"product_brand":[],"product_cat":[5653],"product_tag":[],"class_list":{"0":"post-167439","1":"product","2":"type-product","3":"status-publish","4":"has-post-thumbnail","6":"product_cat-ochishhuvachi","7":"h-entry","10":"first","11":"instock","12":"purchasable","13":"product-type-simple"},"_links":{"self":[{"href":"https:\/\/velox.net.ua\/uk\/wp-json\/wp\/v2\/product\/167439","targetHints":{"allow":["GET"]}}],"collection":[{"href":"https:\/\/velox.net.ua\/uk\/wp-json\/wp\/v2\/product"}],"about":[{"href":"https:\/\/velox.net.ua\/uk\/wp-json\/wp\/v2\/types\/product"}],"replies":[{"embeddable":true,"href":"https:\/\/velox.net.ua\/uk\/wp-json\/wp\/v2\/comments?post=167439"}],"wp:featuredmedia":[{"embeddable":true,"href":"https:\/\/velox.net.ua\/uk\/wp-json\/wp\/v2\/media\/167440"}],"wp:attachment":[{"href":"https:\/\/velox.net.ua\/uk\/wp-json\/wp\/v2\/media?parent=167439"}],"wp:term":[{"taxonomy":"product_brand","embeddable":true,"href":"https:\/\/velox.net.ua\/uk\/wp-json\/wp\/v2\/product_brand?post=167439"},{"taxonomy":"product_cat","embeddable":true,"href":"https:\/\/velox.net.ua\/uk\/wp-json\/wp\/v2\/product_cat?post=167439"},{"taxonomy":"product_tag","embeddable":true,"href":"https:\/\/velox.net.ua\/uk\/wp-json\/wp\/v2\/product_tag?post=167439"}],"curies":[{"name":"wp","href":"https:\/\/api.w.org\/{rel}","templated":true}]}}