{"id":166756,"date":"2022-11-16T15:17:55","date_gmt":"2022-11-16T15:17:55","guid":{"rendered":"https:\/\/velox.net.ua\/product\/sprej-expand-250ml-protiv-korrozii-a-os-2090\/"},"modified":"2024-01-25T14:38:32","modified_gmt":"2024-01-25T14:38:32","slug":"sprej-expand-250ml-protiv-korrozii-a-os-2090","status":"publish","type":"product","link":"https:\/\/velox.net.ua\/uk\/product\/sprej-expand-250ml-protiv-korrozii-a-os-2090\/","title":{"rendered":"\u0422\u0430\u043b\u044c\u043a \u0442\u0435\u0445\u043d\u0456\u0447\u043d\u0438\u0439 Expand 250\u043c\u043b \u0434\u043b\u044f \u043f\u043e\u043a\u0440\u0438\u0448\u043e\u043a (A-OS-2090)"},"content":{"rendered":"<p>Talk Techniczny 250 ml w aerozolu<\/p>\n<p>&#8211; u\u0142atwia bezpiecznie uk\u0142adanie si\u0119 d\u0119tki w oponie w czasie pompowania,<\/p>\n<p>&#8211; powszechnie u\u017cywany do zapobiegania \u0142\u0105czenia si\u0119 gum np. d\u0119tki do opony<\/p>\n<p>&#8211; znajduje zastosowanie przy matowaniu farb i lakier\u00f3w. Konserwuje przechowywane produkty zawieraj\u0105ce lateksowe jak i gumowe elementy uszczelniaj\u0105ce<\/p>\n","protected":false},"excerpt":{"rendered":"<p>Talk Techniczny 250 ml w aerozolu &#8211; u\u0142atwia bezpiecznie uk\u0142adanie si\u0119 d\u0119tki w oponie w czasie pompowania, &#8211; powszechnie u\u017cywany do zapobiegania \u0142\u0105czenia si\u0119 gum np. d\u0119tki do opony &#8211; znajduje zastosowanie przy matowaniu farb i lakier\u00f3w. Konserwuje przechowywane produkty zawieraj\u0105ce lateksowe jak i gumowe elementy uszczelniaj\u0105ce<\/p>\n","protected":false},"featured_media":166757,"comment_status":"open","ping_status":"open","template":"","meta":[],"product_brand":[],"product_cat":[5680],"product_tag":[],"class_list":{"0":"post-166756","1":"product","2":"type-product","3":"status-publish","4":"has-post-thumbnail","6":"product_cat-misc-uk","7":"h-entry","10":"first","11":"outofstock","12":"purchasable","13":"product-type-simple"},"_links":{"self":[{"href":"https:\/\/velox.net.ua\/uk\/wp-json\/wp\/v2\/product\/166756","targetHints":{"allow":["GET"]}}],"collection":[{"href":"https:\/\/velox.net.ua\/uk\/wp-json\/wp\/v2\/product"}],"about":[{"href":"https:\/\/velox.net.ua\/uk\/wp-json\/wp\/v2\/types\/product"}],"replies":[{"embeddable":true,"href":"https:\/\/velox.net.ua\/uk\/wp-json\/wp\/v2\/comments?post=166756"}],"wp:featuredmedia":[{"embeddable":true,"href":"https:\/\/velox.net.ua\/uk\/wp-json\/wp\/v2\/media\/166757"}],"wp:attachment":[{"href":"https:\/\/velox.net.ua\/uk\/wp-json\/wp\/v2\/media?parent=166756"}],"wp:term":[{"taxonomy":"product_brand","embeddable":true,"href":"https:\/\/velox.net.ua\/uk\/wp-json\/wp\/v2\/product_brand?post=166756"},{"taxonomy":"product_cat","embeddable":true,"href":"https:\/\/velox.net.ua\/uk\/wp-json\/wp\/v2\/product_cat?post=166756"},{"taxonomy":"product_tag","embeddable":true,"href":"https:\/\/velox.net.ua\/uk\/wp-json\/wp\/v2\/product_tag?post=166756"}],"curies":[{"name":"wp","href":"https:\/\/api.w.org\/{rel}","templated":true}]}}