{"id":166750,"date":"2022-11-16T15:17:59","date_gmt":"2022-11-16T15:17:59","guid":{"rendered":"https:\/\/velox.net.ua\/product\/sprej-dlya-chistki-czepi-expand-chain-wascher-100ml-a-os-1221\/"},"modified":"2024-01-25T14:38:30","modified_gmt":"2024-01-25T14:38:30","slug":"sprej-dlya-chistki-czepi-expand-chain-wascher-100ml-a-os-1221","status":"publish","type":"product","link":"https:\/\/velox.net.ua\/uk\/product\/sprej-dlya-chistki-czepi-expand-chain-wascher-100ml-a-os-1221\/","title":{"rendered":"\u0421\u043f\u0440\u0435\u0439 \u0434\u043b\u044f \u0447\u0438\u0449\u0435\u043d\u043d\u044f \u043b\u0430\u043d\u0446\u044e\u0433\u0430 Expand CHAIN WASCHER 100\u043c\u043b (A-OS-1221)"},"content":{"rendered":"<p>&#8211; preparat do czyszczenia nap\u0119du i \u0142a\u0144cucha rowerowego<br \/>\n&#8211; produkt w mgnieniu oka czy\u015bci ca\u0142y uk\u0142ad nap\u0119du (\u0142a\u0144cuch, przerzutki i kasety)<br \/>\n&#8211; jest delikatny dla metali, tworzyw sztucznych oraz uszczelek.<br \/>\nPreparat nale\u017cy do grupy biodegradowalnych.<br \/>\nSpos\u00f3b u\u017cycia<\/p>\n<p>1. wstrz\u0105sn\u0105\u0107<br \/>\n2. spryska\u0107 nap\u0119d rowerowy, kaset\u0119, przerzutki- pozostawi\u0107 do zawi\u0105zania reakcji na okres 2 minut<br \/>\n3. sp\u0142uka\u0107 pod bie\u017c\u0105c\u0105 wod\u0105<br \/>\n4. tak przygotowany \u0142a\u0144cuch zalecamy posmarowa\u0107 olejem do \u0142a\u0144cuch\u00f3w Expand na odpowiednie warunki pogodowe.<\/p>\n","protected":false},"excerpt":{"rendered":"<p>&#8211; preparat do czyszczenia nap\u0119du i \u0142a\u0144cucha rowerowego &#8211; produkt w mgnieniu oka czy\u015bci ca\u0142y uk\u0142ad nap\u0119du (\u0142a\u0144cuch, przerzutki i kasety) &#8211; jest delikatny dla metali, tworzyw sztucznych oraz uszczelek. Preparat nale\u017cy do grupy biodegradowalnych. Spos\u00f3b u\u017cycia 1. wstrz\u0105sn\u0105\u0107 2. spryska\u0107 nap\u0119d rowerowy, kaset\u0119, przerzutki- pozostawi\u0107 do zawi\u0105zania reakcji na okres 2 minut 3. sp\u0142uka\u0107 [&hellip;]<\/p>\n","protected":false},"featured_media":166751,"comment_status":"open","ping_status":"open","template":"","meta":[],"product_brand":[],"product_cat":[5653],"product_tag":[],"class_list":{"0":"post-166750","1":"product","2":"type-product","3":"status-publish","4":"has-post-thumbnail","6":"product_cat-ochishhuvachi","7":"h-entry","10":"first","11":"outofstock","12":"purchasable","13":"product-type-simple"},"_links":{"self":[{"href":"https:\/\/velox.net.ua\/uk\/wp-json\/wp\/v2\/product\/166750","targetHints":{"allow":["GET"]}}],"collection":[{"href":"https:\/\/velox.net.ua\/uk\/wp-json\/wp\/v2\/product"}],"about":[{"href":"https:\/\/velox.net.ua\/uk\/wp-json\/wp\/v2\/types\/product"}],"replies":[{"embeddable":true,"href":"https:\/\/velox.net.ua\/uk\/wp-json\/wp\/v2\/comments?post=166750"}],"wp:featuredmedia":[{"embeddable":true,"href":"https:\/\/velox.net.ua\/uk\/wp-json\/wp\/v2\/media\/166751"}],"wp:attachment":[{"href":"https:\/\/velox.net.ua\/uk\/wp-json\/wp\/v2\/media?parent=166750"}],"wp:term":[{"taxonomy":"product_brand","embeddable":true,"href":"https:\/\/velox.net.ua\/uk\/wp-json\/wp\/v2\/product_brand?post=166750"},{"taxonomy":"product_cat","embeddable":true,"href":"https:\/\/velox.net.ua\/uk\/wp-json\/wp\/v2\/product_cat?post=166750"},{"taxonomy":"product_tag","embeddable":true,"href":"https:\/\/velox.net.ua\/uk\/wp-json\/wp\/v2\/product_tag?post=166750"}],"curies":[{"name":"wp","href":"https:\/\/api.w.org\/{rel}","templated":true}]}}