{"id":166688,"date":"2022-11-16T15:18:50","date_gmt":"2022-11-16T15:18:50","guid":{"rendered":"https:\/\/velox.net.ua\/product\/maslilo-dlya-czepi-expand-water-proof-1000ml-a-os-00027\/"},"modified":"2024-01-25T14:39:03","modified_gmt":"2024-01-25T14:39:03","slug":"maslilo-dlya-czepi-expand-water-proof-1000ml-a-os-00027","status":"publish","type":"product","link":"https:\/\/velox.net.ua\/uk\/product\/maslilo-dlya-czepi-expand-water-proof-1000ml-a-os-00027\/","title":{"rendered":"\u041c\u0430\u0441\u0438\u043b\u043e \u0434\u043b\u044f Expand Water Proof 1000ml (A-OS-00027)"},"content":{"rendered":"<p>Olej waterproof- olej na mokre warunki pogodowe<\/p>\n<p>Zaprojektowany do \u0142a\u0144cuch\u00f3w rowerowych pracuj\u0105cych w mokrym \u015brodowisku.<\/p>\n<p>-precyzyjny aplikator<\/p>\n<p>-wodoodporny, wypiera wod\u0119 z ogniw<\/p>\n<p>&#8211; p\u0142ynna praca nap\u0119du<\/p>\n<p>-ochrona przed korozj\u0105<\/p>\n<p>Spos\u00f3b u\u017cycia<\/p>\n<p>1.       Umy\u0107 \u0142a\u0144cuch preparatem Expand- Washer lub Czysty Nap\u0119d<\/p>\n<p>2.       Osuszy\u0107 \u0142a\u0144cuch<\/p>\n<p>3.       Na\u0142o\u017cy\u0107 na ka\u017cde ogniwo kropl\u0119 oleju<\/p>\n<p>4.       Wytrze\u0107 nadmiar oleju szmatk\u0105.<\/p>\n","protected":false},"excerpt":{"rendered":"<p>Olej waterproof- olej na mokre warunki pogodowe Zaprojektowany do \u0142a\u0144cuch\u00f3w rowerowych pracuj\u0105cych w mokrym \u015brodowisku. -precyzyjny aplikator -wodoodporny, wypiera wod\u0119 z ogniw &#8211; p\u0142ynna praca nap\u0119du -ochrona przed korozj\u0105 Spos\u00f3b u\u017cycia 1. Umy\u0107 \u0142a\u0144cuch preparatem Expand- Washer lub Czysty Nap\u0119d 2. Osuszy\u0107 \u0142a\u0144cuch 3. Na\u0142o\u017cy\u0107 na ka\u017cde ogniwo kropl\u0119 oleju 4. Wytrze\u0107 nadmiar oleju szmatk\u0105.<\/p>\n","protected":false},"featured_media":166689,"comment_status":"open","ping_status":"open","template":"","meta":[],"product_brand":[],"product_cat":[5652],"product_tag":[],"class_list":{"0":"post-166688","1":"product","2":"type-product","3":"status-publish","4":"has-post-thumbnail","6":"product_cat-maslo-uk","7":"h-entry","10":"first","11":"outofstock","12":"purchasable","13":"product-type-simple"},"_links":{"self":[{"href":"https:\/\/velox.net.ua\/uk\/wp-json\/wp\/v2\/product\/166688","targetHints":{"allow":["GET"]}}],"collection":[{"href":"https:\/\/velox.net.ua\/uk\/wp-json\/wp\/v2\/product"}],"about":[{"href":"https:\/\/velox.net.ua\/uk\/wp-json\/wp\/v2\/types\/product"}],"replies":[{"embeddable":true,"href":"https:\/\/velox.net.ua\/uk\/wp-json\/wp\/v2\/comments?post=166688"}],"wp:featuredmedia":[{"embeddable":true,"href":"https:\/\/velox.net.ua\/uk\/wp-json\/wp\/v2\/media\/166689"}],"wp:attachment":[{"href":"https:\/\/velox.net.ua\/uk\/wp-json\/wp\/v2\/media?parent=166688"}],"wp:term":[{"taxonomy":"product_brand","embeddable":true,"href":"https:\/\/velox.net.ua\/uk\/wp-json\/wp\/v2\/product_brand?post=166688"},{"taxonomy":"product_cat","embeddable":true,"href":"https:\/\/velox.net.ua\/uk\/wp-json\/wp\/v2\/product_cat?post=166688"},{"taxonomy":"product_tag","embeddable":true,"href":"https:\/\/velox.net.ua\/uk\/wp-json\/wp\/v2\/product_tag?post=166688"}],"curies":[{"name":"wp","href":"https:\/\/api.w.org\/{rel}","templated":true}]}}