{"id":166549,"date":"2022-11-17T07:56:49","date_gmt":"2022-11-17T07:56:49","guid":{"rendered":"https:\/\/velox.net.ua\/product\/remkomplekte-t-vlulki-shimano-nexus-8-cj-s840-chernyj-403217\/"},"modified":"2024-01-25T14:36:14","modified_gmt":"2024-01-25T14:36:14","slug":"remkomplekte-t-vlulki-shimano-nexus-8-cj-s840-chernyj-403217","status":"publish","type":"product","link":"https:\/\/velox.net.ua\/uk\/product\/remkomplekte-t-vlulki-shimano-nexus-8-cj-s840-chernyj-403217\/","title":{"rendered":"\u0420\u0435\u043c\u043a\u043e\u043c\u043f\u043b\u0435\u043a\u0442 \u0432\u043b\u0443\u043b\u043a\u0438 Shimano Nexus 8 CJ-S840 \u0447\u043e\u0440\u043d\u0438\u0439 (403217)"},"content":{"rendered":"<p>Zestaw akcesori\u00f3w Shimano z podk\u0142adkami nieobrotowymi 8R \/ 8L &#8211; do 8-biegowych wewn\u0119trznych piast k\u00f3\u0142 z\u0119batych Nexusa i Alfine, w ramie z pionowymi hakami.<\/p>\n<p>1 x z\u0142\u0105cze kasety CJ-8S40<br \/>\n2 x nakr\u0119tka ko\u0142pakowa (3\/8 &#8220;)<br \/>\n1 x podk\u0142adka zwrotna 8R (niebieska)<br \/>\n1 x Podk\u0142adka Non Turn 8L (zielona)<br \/>\n1 x Driver Cap<br \/>\n1 x Pier\u015bcie\u0144 mocuj\u0105cy z\u0142\u0105cze kasety<\/p>\n","protected":false},"excerpt":{"rendered":"<p>Zestaw akcesori\u00f3w Shimano z podk\u0142adkami nieobrotowymi 8R \/ 8L &#8211; do 8-biegowych wewn\u0119trznych piast k\u00f3\u0142 z\u0119batych Nexusa i Alfine, w ramie z pionowymi hakami. 1 x z\u0142\u0105cze kasety CJ-8S40 2 x nakr\u0119tka ko\u0142pakowa (3\/8 &#8220;) 1 x podk\u0142adka zwrotna 8R (niebieska) 1 x Podk\u0142adka Non Turn 8L (zielona) 1 x Driver Cap 1 x Pier\u015bcie\u0144 [&hellip;]<\/p>\n","protected":false},"featured_media":166550,"comment_status":"open","ping_status":"open","template":"","meta":[],"product_brand":[],"product_cat":[5582],"product_tag":[],"class_list":{"0":"post-166549","1":"product","2":"type-product","3":"status-publish","4":"has-post-thumbnail","6":"product_cat-remkomplekti-dlya-velosipeda","7":"h-entry","10":"first","11":"outofstock","12":"purchasable","13":"product-type-simple"},"_links":{"self":[{"href":"https:\/\/velox.net.ua\/uk\/wp-json\/wp\/v2\/product\/166549","targetHints":{"allow":["GET"]}}],"collection":[{"href":"https:\/\/velox.net.ua\/uk\/wp-json\/wp\/v2\/product"}],"about":[{"href":"https:\/\/velox.net.ua\/uk\/wp-json\/wp\/v2\/types\/product"}],"replies":[{"embeddable":true,"href":"https:\/\/velox.net.ua\/uk\/wp-json\/wp\/v2\/comments?post=166549"}],"wp:featuredmedia":[{"embeddable":true,"href":"https:\/\/velox.net.ua\/uk\/wp-json\/wp\/v2\/media\/166550"}],"wp:attachment":[{"href":"https:\/\/velox.net.ua\/uk\/wp-json\/wp\/v2\/media?parent=166549"}],"wp:term":[{"taxonomy":"product_brand","embeddable":true,"href":"https:\/\/velox.net.ua\/uk\/wp-json\/wp\/v2\/product_brand?post=166549"},{"taxonomy":"product_cat","embeddable":true,"href":"https:\/\/velox.net.ua\/uk\/wp-json\/wp\/v2\/product_cat?post=166549"},{"taxonomy":"product_tag","embeddable":true,"href":"https:\/\/velox.net.ua\/uk\/wp-json\/wp\/v2\/product_tag?post=166549"}],"curies":[{"name":"wp","href":"https:\/\/api.w.org\/{rel}","templated":true}]}}