{"id":147953,"date":"2023-07-07T09:03:26","date_gmt":"2023-07-07T09:03:26","guid":{"rendered":"https:\/\/velox.net.ua\/product\/beskamernyj-komplekt-m-wave-fliper-17-19mm-2x125ml-c-pz-0397\/"},"modified":"2026-04-27T00:17:35","modified_gmt":"2026-04-27T00:17:35","slug":"beskamernyj-komplekt-m-wave-fliper-17-19mm-2x125ml-c-pz-0397","status":"publish","type":"product","link":"https:\/\/velox.net.ua\/uk\/product\/beskamernyj-komplekt-m-wave-fliper-17-19mm-2x125ml-c-pz-0397\/","title":{"rendered":"\u0411\u0435\u0437\u043a\u0430\u043c\u0435\u0440\u043d\u0438\u0439 \u043a\u043e\u043c\u043f\u043b\u0435\u043a\u0442 M-Wave + \u0444\u043b\u0438\u043f\u0435\u0440 17-19\u043c\u043c 2X125ml (C-PZ-0397)"},"content":{"rendered":"<p>zestaw uszczelniaj\u0105cy z opaskami na obr\u0119cze sk\u0142adaj\u0105cy si\u0119 z:<br \/>\n\u2022 2 x opaski na obr\u0119cz z wentylami, zawory F\/V (Presta), 17-19 mm.<br \/>\n\u2022 1 x ta\u015bma uszczelniaj\u0105ca o d\u0142ugo\u015bci 10 m.<br \/>\n\u2022 2 x p\u0142yn uszczelniaj\u0105cy o pojemno\u015bci 125 ml, ekologiczny i bezlateksowy<br \/>\n\u2022 1 x klucz do odkr\u0119cania zawor\u00f3w<br \/>\n\u2022 komplet na dwa ko\u0142a<br \/>\n\u2022 pakowanie: kartonik na zawieszce<\/p>\n","protected":false},"excerpt":{"rendered":"<p>zestaw uszczelniaj\u0105cy z opaskami na obr\u0119cze sk\u0142adaj\u0105cy si\u0119 z: \u2022 2 x opaski na obr\u0119cz z wentylami, zawory F\/V (Presta), 17-19 mm. \u2022 1 x ta\u015bma uszczelniaj\u0105ca o d\u0142ugo\u015bci 10 m. \u2022 2 x p\u0142yn uszczelniaj\u0105cy o pojemno\u015bci 125 ml, ekologiczny i bezlateksowy \u2022 1 x klucz do odkr\u0119cania zawor\u00f3w \u2022 komplet na dwa ko\u0142a [&hellip;]<\/p>\n","protected":false},"featured_media":147954,"comment_status":"open","ping_status":"open","template":"","meta":[],"product_brand":[],"product_cat":[5582],"product_tag":[],"class_list":{"0":"post-147953","1":"product","2":"type-product","3":"status-publish","4":"has-post-thumbnail","6":"product_cat-remkomplekti-dlya-velosipeda","7":"h-entry","10":"first","11":"instock","12":"purchasable","13":"product-type-simple"},"_links":{"self":[{"href":"https:\/\/velox.net.ua\/uk\/wp-json\/wp\/v2\/product\/147953","targetHints":{"allow":["GET"]}}],"collection":[{"href":"https:\/\/velox.net.ua\/uk\/wp-json\/wp\/v2\/product"}],"about":[{"href":"https:\/\/velox.net.ua\/uk\/wp-json\/wp\/v2\/types\/product"}],"replies":[{"embeddable":true,"href":"https:\/\/velox.net.ua\/uk\/wp-json\/wp\/v2\/comments?post=147953"}],"wp:featuredmedia":[{"embeddable":true,"href":"https:\/\/velox.net.ua\/uk\/wp-json\/wp\/v2\/media\/147954"}],"wp:attachment":[{"href":"https:\/\/velox.net.ua\/uk\/wp-json\/wp\/v2\/media?parent=147953"}],"wp:term":[{"taxonomy":"product_brand","embeddable":true,"href":"https:\/\/velox.net.ua\/uk\/wp-json\/wp\/v2\/product_brand?post=147953"},{"taxonomy":"product_cat","embeddable":true,"href":"https:\/\/velox.net.ua\/uk\/wp-json\/wp\/v2\/product_cat?post=147953"},{"taxonomy":"product_tag","embeddable":true,"href":"https:\/\/velox.net.ua\/uk\/wp-json\/wp\/v2\/product_tag?post=147953"}],"curies":[{"name":"wp","href":"https:\/\/api.w.org\/{rel}","templated":true}]}}