{"id":144279,"date":"2023-10-16T04:01:50","date_gmt":"2023-10-16T04:01:50","guid":{"rendered":"https:\/\/velox.net.ua\/product\/podshipnik-promyshlennyj-neco-poluintegrirovannyj-1-1-8-302h418h63mm-c-st-0076\/"},"modified":"2026-04-21T01:17:36","modified_gmt":"2026-04-21T01:17:36","slug":"podshipnik-promyshlennyj-neco-poluintegrirovannyj-1-1-8-302h418h63mm-c-st-0076","status":"publish","type":"product","link":"https:\/\/velox.net.ua\/uk\/product\/podshipnik-promyshlennyj-neco-poluintegrirovannyj-1-1-8-302h418h63mm-c-st-0076\/","title":{"rendered":"\u041f\u0456\u0434\u0448\u0438\u043f\u043d\u0438\u043a \u043f\u0440\u043e\u043c\u0438\u0441\u043b\u043e\u0432\u0438\u0439 Neco \u043d\u0430\u043f\u0456\u0432\u0456\u043d\u0442\u0435\u0433\u0440\u043e\u0432\u0430\u043d\u0438\u0439 1-1\/8&quot; 30,2 \u044541, 8\u04456, 3\u043c\u043c (C-ST-0076)"},"content":{"rendered":"<p>\u0420\u0456\u0437\u044c\u0431\u043e\u0432\u0456, \u0437\u0430\u043a\u0440\u0438\u0442\u0438\u0439 \u043f\u0456\u0434\u0448\u0438\u043f\u043d\u0438\u043a \u0437 \u043f\u0438\u043b\u044c\u043d\u0438\u043a\u043e\u043c. \u041a\u043e\u043b\u0456\u0440 \u0447\u043e\u0440\u043d\u0438\u0439 1-1\/8&quot; \u2022 \u0142o\u017cysko maszynowe do ster\u00f3w p\u00f3\u0142zintegrowanych \u2022 \u015brednic\u0119 rury sterowej 1 1\/8\u201d \u2022 szeroko\u015b\u0107: wew. 30,2 x zew. 41,8mm, wys.6,3mm. \u2022 k\u0105ty: 45\/45 st.<\/p>\n<p>&nbsp;<\/p>\n","protected":false},"excerpt":{"rendered":"<p>\u0420\u0456\u0437\u044c\u0431\u043e\u0432\u0456, \u0437\u0430\u043a\u0440\u0438\u0442\u0438\u0439 \u043f\u0456\u0434\u0448\u0438\u043f\u043d\u0438\u043a \u0437 \u043f\u0438\u043b\u044c\u043d\u0438\u043a\u043e\u043c. \u041a\u043e\u043b\u0456\u0440 \u0447\u043e\u0440\u043d\u0438\u0439 1-1\/8&quot; \u2022 \u0142o\u017cysko maszynowe do ster\u00f3w p\u00f3\u0142zintegrowanych \u2022 \u015brednic\u0119 rury sterowej 1 1\/8\u201d \u2022 szeroko\u015b\u0107: wew. 30,2 x zew. 41,8mm, wys.6,3mm. \u2022 k\u0105ty: 45\/45 st. &nbsp;<\/p>\n","protected":false},"featured_media":144280,"comment_status":"open","ping_status":"open","template":"","meta":[],"product_brand":[],"product_cat":[5364],"product_tag":[],"class_list":{"0":"post-144279","1":"product","2":"type-product","3":"status-publish","4":"has-post-thumbnail","6":"product_cat-podshipniki-uk","7":"h-entry","10":"first","11":"outofstock","12":"purchasable","13":"product-type-simple"},"_links":{"self":[{"href":"https:\/\/velox.net.ua\/uk\/wp-json\/wp\/v2\/product\/144279","targetHints":{"allow":["GET"]}}],"collection":[{"href":"https:\/\/velox.net.ua\/uk\/wp-json\/wp\/v2\/product"}],"about":[{"href":"https:\/\/velox.net.ua\/uk\/wp-json\/wp\/v2\/types\/product"}],"replies":[{"embeddable":true,"href":"https:\/\/velox.net.ua\/uk\/wp-json\/wp\/v2\/comments?post=144279"}],"wp:featuredmedia":[{"embeddable":true,"href":"https:\/\/velox.net.ua\/uk\/wp-json\/wp\/v2\/media\/144280"}],"wp:attachment":[{"href":"https:\/\/velox.net.ua\/uk\/wp-json\/wp\/v2\/media?parent=144279"}],"wp:term":[{"taxonomy":"product_brand","embeddable":true,"href":"https:\/\/velox.net.ua\/uk\/wp-json\/wp\/v2\/product_brand?post=144279"},{"taxonomy":"product_cat","embeddable":true,"href":"https:\/\/velox.net.ua\/uk\/wp-json\/wp\/v2\/product_cat?post=144279"},{"taxonomy":"product_tag","embeddable":true,"href":"https:\/\/velox.net.ua\/uk\/wp-json\/wp\/v2\/product_tag?post=144279"}],"curies":[{"name":"wp","href":"https:\/\/api.w.org\/{rel}","templated":true}]}}